{"id":28,"date":"2019-10-30T19:04:39","date_gmt":"2019-10-30T18:04:39","guid":{"rendered":"http:\/\/jlgimay.cluster028.hosting.ovh.net\/?page_id=28"},"modified":"2023-09-20T16:59:43","modified_gmt":"2023-09-20T14:59:43","slug":"quienes-somos","status":"publish","type":"page","link":"https:\/\/gsestrellapolar.es\/index.php\/quienes-somos\/","title":{"rendered":"Quienes somos"},"content":{"rendered":"<p>Nuestro grupo fue fundado en 1972 con la intenci\u00f3n de servir de alternativa al colectivo juvenil, proponiendo una opci\u00f3n de educaci\u00f3n no formal en el tiempo libre a la infancia y la juventud de la zona norte de Madrid.<\/p>\n<p>A lo largo de estos a\u00f1os se ha realizado una funci\u00f3n importante en el distrito al que pertenecemos (Ciudad Lineal) permitiendo a un gran n\u00famero de ni\u00f1os y j\u00f3venes disfrutar y crecer en un entorno saludable donde prevalecen los principios y valores de convivencia y respeto.<\/p>\n<p>Toda esta labor es realizada por j\u00f3venes voluntarios que se encargan de la realizaci\u00f3n y planificaci\u00f3n de actividades y campamentos.<\/p>\n<p>Asimismo estas personas se encargan de la gesti\u00f3n del grupo tanto a nivel administrativo como econ\u00f3mico.<\/p>\n<p>Actualmente desarrollamos nuestras actividades en el Instituto San Juan Bautista (Calle San Nemesio, 1)\u00a0 y al grupo pertenecen ni\u00f1os y j\u00f3venes de entre 5 y 21 a\u00f1os divididos en ramas seg\u00fan su edad.<\/p>\n<p>&nbsp;<\/p>\n<p><a href=\"https:\/\/gsestrellapolar.es\/wp-content\/uploads\/2022\/10\/POR-G.S.-Estrella-Polar.pdf\">Aqu\u00ed pod\u00e9is consultar nuestro Proyecto Educativo (POR)<\/a><\/p>\n<p>&nbsp;<\/p>\n<p><span style=\"text-decoration: underline;\"><strong>Nos definimos como una asociaci\u00f3n:<\/strong><\/span><\/p>\n<p><strong>SCOUT <\/strong>en nuestra metodolog\u00eda, planteamientos e historia.<\/p>\n<p><strong>ACTUAL y MODERNA <\/strong>analizamos los problemas sociales y el entorno que nos rodea y nos adaptamos.<\/p>\n<p><strong>ABIERTA <\/strong>a nuevas ideas, evolucionando sobre la base del estilo propio del escultismo.<\/p>\n<p><strong>DIN\u00c1MICA<\/strong> en continuo movimiento para adaptarnos a los tiempos.<\/p>\n<p><strong>ASAMBLEARIA<\/strong> en nuestra din\u00e1mica interna y concepci\u00f3n social.<\/p>\n<p><strong>C\u00cdVICA Y COMPROMETIDA CON LA SOCIEDAD<\/strong>, al educar con el objetivo de crear buenos ciudadanos conscientes de sus responsabilidades sociales en todos los campos.<\/p>\n<p><strong>INDEPENDIENTE <\/strong>de cualquier partido pol\u00edtico.<\/p>\n<p><strong>LAICA <\/strong>respetando las convicciones religiosas personales sin participar en ellas como instituci\u00f3n.<\/p>\n<p><strong>PARTICIPATIVA <\/strong>en nuestra metodolog\u00eda educativa.<\/p>\n<p><strong>SOLIDARIA <\/strong>con las realidades sociales m\u00e1s desfavorecidas.<\/p>\n<p><strong>COEDUCATIVA <\/strong>consciente de realizar propuestas adaptadas a la realidad psicoevolutiva de los muchachos y muchachas.<\/p>\n<p><strong>COMPROMETIDA <\/strong>a colaborar en la educaci\u00f3n integral del mundo infantil y juvenil.<\/p>\n<p><strong>CR\u00cdTICA<\/strong> \u00a1Siempre intentando mejorar!<\/p>\n<p>&nbsp;<\/p>\n<p>Realizamos diversas actividades:<\/p>\n<p>Durante el a\u00f1o nos reunimos los fines de semana para hacer actividades al aire libre y talleres en nuestro local.<\/p>\n<p>En verano nos vamos de campamento \u00a115 d\u00edas todos juntos!<\/p>\n","protected":false},"excerpt":{"rendered":"<p>Nuestro grupo fue fundado en 1972 con la intenci\u00f3n de servir de alternativa al colectivo juvenil, proponiendo una opci\u00f3n de educaci\u00f3n no formal en el tiempo libre a la infancia y la juventud de la zona norte de Madrid. A lo largo de estos a\u00f1os se ha realizado una funci\u00f3n importante en el distrito al que pertenecemos (Ciudad Lineal) permitiendo a un gran n\u00famero de ni\u00f1os y j\u00f3venes disfrutar y crecer en un entorno saludable donde prevalecen los principios y&hellip;<\/p>\n","protected":false},"author":1,"featured_media":0,"parent":0,"menu_order":0,"comment_status":"closed","ping_status":"closed","template":"","meta":{"footnotes":""},"class_list":["post-28","page","type-page","status-publish","hentry"],"_links":{"self":[{"href":"https:\/\/gsestrellapolar.es\/index.php\/wp-json\/wp\/v2\/pages\/28","targetHints":{"allow":["GET"]}}],"collection":[{"href":"https:\/\/gsestrellapolar.es\/index.php\/wp-json\/wp\/v2\/pages"}],"about":[{"href":"https:\/\/gsestrellapolar.es\/index.php\/wp-json\/wp\/v2\/types\/page"}],"author":[{"embeddable":true,"href":"https:\/\/gsestrellapolar.es\/index.php\/wp-json\/wp\/v2\/users\/1"}],"replies":[{"embeddable":true,"href":"https:\/\/gsestrellapolar.es\/index.php\/wp-json\/wp\/v2\/comments?post=28"}],"version-history":[{"count":7,"href":"https:\/\/gsestrellapolar.es\/index.php\/wp-json\/wp\/v2\/pages\/28\/revisions"}],"predecessor-version":[{"id":499,"href":"https:\/\/gsestrellapolar.es\/index.php\/wp-json\/wp\/v2\/pages\/28\/revisions\/499"}],"wp:attachment":[{"href":"https:\/\/gsestrellapolar.es\/index.php\/wp-json\/wp\/v2\/media?parent=28"}],"curies":[{"name":"wp","href":"https:\/\/api.w.org\/{rel}","templated":true}]}}