{"id":34,"date":"2019-10-30T19:13:36","date_gmt":"2019-10-30T18:13:36","guid":{"rendered":"http:\/\/jlgimay.cluster028.hosting.ovh.net\/?page_id=34"},"modified":"2025-12-16T18:50:56","modified_gmt":"2025-12-16T17:50:56","slug":"uniformidad","status":"publish","type":"page","link":"https:\/\/gsestrellapolar.es\/index.php\/uniformidad\/","title":{"rendered":"Uniformidad"},"content":{"rendered":"<p><a href=\"https:\/\/forms.gle\/yBY6QDA3pYVQRjoi8\">PARA HACER PEDIDOS, PINCHAR AQU\u00cd\u00a0<\/a><\/p>\n<p align=\"justify\">Para cualquier consulta relacionada con la uniformidad, contactar con Anita (684 06 11 24). \u00c9l es el responsable de Uniformidad del grupo. Se encarga de hacer los pedidos a ASIM y controlar los materiales referentes a uniformidad. Para cualquier consulta en este tema, contactar con \u00e9l.<\/p>\n<h5>\u00bfPor qu\u00e9 usamos uniforme?<\/h5>\n<p>Aunque pueda ser un tema controvertido visto desde el exterior y en ocasiones pueda provocar cierto escepticismo aqu\u00ed va una breve explicaci\u00f3n puede aclarar bastantes ideas.<\/p>\n<p>El mismo Baden Powell (fundador del movimiento Scout) dice que no le importa si un Scout lleva o no el uniforme sino si \u00ablleva la ley Scout en su coraz\u00f3n\u00bb, en el G.S. Estrella Polar entendemos el uniforme como\u00a0<strong>una herramienta<\/strong>, que cumple una serie de funciones:<\/p>\n<ul>\n<li>Crea <strong>sentimiento de grupo<\/strong>\u00a0en general y es usado en ciertos ceremoniales.<\/li>\n<li>Es <strong>caracter\u00edstico y distintivo: <\/strong>en la ciudad la uniformidad permite a los Scouters (monitores) y a los Scouts (participantes) encontrar r\u00e1pidamente a su grupo distingui\u00e9ndolos del resto de peatones.<\/li>\n<li>El tener una ropa \u00ab<strong>para salir al campo<\/strong>\u00a0con los Scouts\u00bb hace que s\u00f3lo esa sufra el desgaste m\u00e1s intenso de esas actividades.<\/li>\n<li>Permite a la gente <strong>identificar<\/strong>\u00a0a los participantes como Scouts, predisponi\u00e9ndoles de manera distinta, tanto en ciudad como en campo, facilitando la interacci\u00f3n.<\/li>\n<\/ul>\n<h5>El uniforme que usamos<\/h5>\n<p>C\u00f3mo se explica en la secci\u00f3n anterior entendemos la uniformidad como una herramienta, por lo que somos flexibles en este aspecto.<\/p>\n<p>El uniforme m\u00e1s cl\u00e1sico consta de una camisa gris, suministrada por la asociaci\u00f3n a la que pertenecemos, ASIM, y cuya compra gestiona el Grupo, en esta se incluyen las insignias, una serie de distintivos que var\u00edan con la Rama, y de un pantal\u00f3n desmontable azul oscuro Bosker (no nos llevamos comisi\u00f3n, es porque nos parece pr\u00e1ctico).<\/p>\n<p>Del mismo modo que esto constituye el uniforme cl\u00e1sico tenemos alternativas para seg\u00fan que reuniones. Es com\u00fan usar camisetas de Grupo como uniformidad as\u00ed como los pantalones vaqueros azules.<\/p>\n<p>En actividades de varios d\u00edas, por no hablar del campamento de verano (15 d\u00edas), se admite cualquier vestimenta, siendo necesaria la uniformidad s\u00f3lo en ciertos momentos ceremoniales, como en las formaciones al inicio del d\u00eda.<\/p>\n<h5>Insignias<\/h5>\n<p>Hay una serie de insignias informativas que deben estar en el uniforme, as\u00ed como algunas adicionales que pueden aparecer (progresiones en las distintas Ramas).<\/p>\n<p><img loading=\"lazy\" decoding=\"async\" class=\"alignnone size-full wp-image-509\" src=\"https:\/\/gsestrellapolar.es\/wp-content\/uploads\/2023\/09\/UNIFORMIDAD.png\" alt=\"\" width=\"720\" height=\"390\" srcset=\"https:\/\/gsestrellapolar.es\/wp-content\/uploads\/2023\/09\/UNIFORMIDAD.png 720w, https:\/\/gsestrellapolar.es\/wp-content\/uploads\/2023\/09\/UNIFORMIDAD-300x163.png 300w\" sizes=\"auto, (max-width: 720px) 100vw, 720px\" \/><\/p>\n","protected":false},"excerpt":{"rendered":"<p>PARA HACER PEDIDOS, PINCHAR AQU\u00cd\u00a0 Para cualquier consulta relacionada con la uniformidad, contactar con Anita (684 06 11 24). \u00c9l es el responsable de Uniformidad del grupo. Se encarga de hacer los pedidos a ASIM y controlar los materiales referentes a uniformidad. Para cualquier consulta en este tema, contactar con \u00e9l. \u00bfPor qu\u00e9 usamos uniforme? Aunque pueda ser un tema controvertido visto desde el exterior y en ocasiones pueda provocar cierto escepticismo aqu\u00ed va una breve explicaci\u00f3n puede aclarar bastantes&hellip;<\/p>\n","protected":false},"author":1,"featured_media":0,"parent":0,"menu_order":0,"comment_status":"closed","ping_status":"closed","template":"","meta":{"footnotes":""},"class_list":["post-34","page","type-page","status-publish","hentry"],"_links":{"self":[{"href":"https:\/\/gsestrellapolar.es\/index.php\/wp-json\/wp\/v2\/pages\/34","targetHints":{"allow":["GET"]}}],"collection":[{"href":"https:\/\/gsestrellapolar.es\/index.php\/wp-json\/wp\/v2\/pages"}],"about":[{"href":"https:\/\/gsestrellapolar.es\/index.php\/wp-json\/wp\/v2\/types\/page"}],"author":[{"embeddable":true,"href":"https:\/\/gsestrellapolar.es\/index.php\/wp-json\/wp\/v2\/users\/1"}],"replies":[{"embeddable":true,"href":"https:\/\/gsestrellapolar.es\/index.php\/wp-json\/wp\/v2\/comments?post=34"}],"version-history":[{"count":7,"href":"https:\/\/gsestrellapolar.es\/index.php\/wp-json\/wp\/v2\/pages\/34\/revisions"}],"predecessor-version":[{"id":531,"href":"https:\/\/gsestrellapolar.es\/index.php\/wp-json\/wp\/v2\/pages\/34\/revisions\/531"}],"wp:attachment":[{"href":"https:\/\/gsestrellapolar.es\/index.php\/wp-json\/wp\/v2\/media?parent=34"}],"curies":[{"name":"wp","href":"https:\/\/api.w.org\/{rel}","templated":true}]}}