{"id":92,"date":"2019-10-30T20:44:01","date_gmt":"2019-10-30T19:44:01","guid":{"rendered":"http:\/\/jlgimay.cluster028.hosting.ovh.net\/?page_id=92"},"modified":"2023-09-25T11:58:11","modified_gmt":"2023-09-25T09:58:11","slug":"red-nayade-pioneros","status":"publish","type":"page","link":"https:\/\/gsestrellapolar.es\/index.php\/red-nayade-pioneros\/","title":{"rendered":"Red N\u00e1yade-Pioneros"},"content":{"rendered":"<p>La Red N\u00e1yade esta formada por los pioneros, chavales y chavalas de entre 15 y 18 a\u00f1os. Tres a\u00f1os de unidad y acci\u00f3n, de trabajo en equipo para sacar adelante proyectos y actividades. Cada vez se gana mas independencia y esta unidad es el m\u00e1ximo exponente de este aspecto, para lo bueno y para lo malo. Se forjan lazos muy fuertes entre los pioneros que ser\u00e1n esenciales en sus siguientes etapas, tanto Clan como Kraal.<\/p>\n<p>La metodolog\u00eda de Red viene explicada en nuestro cuaderno: <a href=\"https:\/\/gsestrellapolar.es\/wp-content\/uploads\/2023\/05\/FICHAS-PIONEROS.pdf\">CUADERNO DE METODOLOG\u00cdA: FICHAS PIONEROS<\/a><\/p>\n<p><img loading=\"lazy\" decoding=\"async\" class=\"alignnone wp-image-423 size-full\" src=\"https:\/\/gsestrellapolar.es\/wp-content\/uploads\/2022\/03\/Sistallo-2016-2.jpg\" alt=\"\" width=\"2048\" height=\"1489\" srcset=\"https:\/\/gsestrellapolar.es\/wp-content\/uploads\/2022\/03\/Sistallo-2016-2.jpg 2048w, https:\/\/gsestrellapolar.es\/wp-content\/uploads\/2022\/03\/Sistallo-2016-2-300x218.jpg 300w, https:\/\/gsestrellapolar.es\/wp-content\/uploads\/2022\/03\/Sistallo-2016-2-1024x745.jpg 1024w, https:\/\/gsestrellapolar.es\/wp-content\/uploads\/2022\/03\/Sistallo-2016-2-768x558.jpg 768w, https:\/\/gsestrellapolar.es\/wp-content\/uploads\/2022\/03\/Sistallo-2016-2-1536x1117.jpg 1536w\" sizes=\"auto, (max-width: 2048px) 100vw, 2048px\" \/><\/p>\n","protected":false},"excerpt":{"rendered":"<p>La Red N\u00e1yade esta formada por los pioneros, chavales y chavalas de entre 15 y 18 a\u00f1os. Tres a\u00f1os de unidad y acci\u00f3n, de trabajo en equipo para sacar adelante proyectos y actividades. Cada vez se gana mas independencia y esta unidad es el m\u00e1ximo exponente de este aspecto, para lo bueno y para lo malo. Se forjan lazos muy fuertes entre los pioneros que ser\u00e1n esenciales en sus siguientes etapas, tanto Clan como Kraal. La metodolog\u00eda de Red viene&hellip;<\/p>\n","protected":false},"author":1,"featured_media":0,"parent":0,"menu_order":0,"comment_status":"closed","ping_status":"closed","template":"","meta":{"footnotes":""},"class_list":["post-92","page","type-page","status-publish","hentry"],"_links":{"self":[{"href":"https:\/\/gsestrellapolar.es\/index.php\/wp-json\/wp\/v2\/pages\/92","targetHints":{"allow":["GET"]}}],"collection":[{"href":"https:\/\/gsestrellapolar.es\/index.php\/wp-json\/wp\/v2\/pages"}],"about":[{"href":"https:\/\/gsestrellapolar.es\/index.php\/wp-json\/wp\/v2\/types\/page"}],"author":[{"embeddable":true,"href":"https:\/\/gsestrellapolar.es\/index.php\/wp-json\/wp\/v2\/users\/1"}],"replies":[{"embeddable":true,"href":"https:\/\/gsestrellapolar.es\/index.php\/wp-json\/wp\/v2\/comments?post=92"}],"version-history":[{"count":4,"href":"https:\/\/gsestrellapolar.es\/index.php\/wp-json\/wp\/v2\/pages\/92\/revisions"}],"predecessor-version":[{"id":507,"href":"https:\/\/gsestrellapolar.es\/index.php\/wp-json\/wp\/v2\/pages\/92\/revisions\/507"}],"wp:attachment":[{"href":"https:\/\/gsestrellapolar.es\/index.php\/wp-json\/wp\/v2\/media?parent=92"}],"curies":[{"name":"wp","href":"https:\/\/api.w.org\/{rel}","templated":true}]}}